{"id":2750,"date":"2025-02-06T12:55:54","date_gmt":"2025-02-06T11:55:54","guid":{"rendered":"https:\/\/testrebiasz.wood-bay.pl\/?page_id=2750"},"modified":"2025-04-15T16:00:29","modified_gmt":"2025-04-15T14:00:29","slug":"kategoria-c","status":"publish","type":"page","link":"https:\/\/szkolenialesko.pl\/index.php\/kategoria-c\/","title":{"rendered":"Kategoria C"},"content":{"rendered":"<p><div class=\"fusion-fullwidth fullwidth-box fusion-builder-row-1 fusion-flex-container has-pattern-background has-mask-background nonhundred-percent-fullwidth non-hundred-percent-height-scrolling\" style=\"--awb-border-radius-top-left:0px;--awb-border-radius-top-right:0px;--awb-border-radius-bottom-right:0px;--awb-border-radius-bottom-left:0px;--awb-flex-wrap:wrap;\" ><div class=\"fusion-builder-row fusion-row fusion-flex-align-items-flex-start fusion-flex-content-wrap\" style=\"max-width:1248px;margin-left: calc(-4% \/ 2 );margin-right: calc(-4% \/ 2 );\"><div class=\"fusion-layout-column fusion_builder_column fusion-builder-column-0 fusion_builder_column_1_1 1_1 fusion-flex-column\" style=\"--awb-bg-size:cover;--awb-width-large:100%;--awb-margin-top-large:0px;--awb-spacing-right-large:1.92%;--awb-margin-bottom-large:20px;--awb-spacing-left-large:1.92%;--awb-width-medium:100%;--awb-order-medium:0;--awb-spacing-right-medium:1.92%;--awb-spacing-left-medium:1.92%;--awb-width-small:100%;--awb-order-small:0;--awb-spacing-right-small:1.92%;--awb-spacing-left-small:1.92%;\"><div class=\"fusion-column-wrapper fusion-column-has-shadow fusion-flex-justify-content-flex-start fusion-content-layout-column\"><div class=\"fusion-section-separator section-separator custom fusion-section-separator-1\" style=\"--awb-svg-margin-left:1.92%;--awb-svg-margin-right:1.92%;--awb-svg-margin-left-medium:1.92%;--awb-svg-margin-right-medium:1.92%;--awb-svg-margin-left-small:1.92%;--awb-svg-margin-right-small:1.92%;--awb-divider-height:30px;--awb-spacer-height:30px;--awb-spacer-padding-top:inherit;--awb-margin-top:-30px;\"><div class=\"fusion-section-separator-svg\"><\/div><div class=\"fusion-section-separator-spacer\"><div class=\"fusion-section-separator-spacer-height\"><\/div><\/div><\/div><\/div><\/div><\/div><\/div><div class=\"fusion-fullwidth fullwidth-box fusion-builder-row-2 fusion-flex-container has-pattern-background has-mask-background nonhundred-percent-fullwidth non-hundred-percent-height-scrolling\" style=\"--awb-border-radius-top-left:0px;--awb-border-radius-top-right:0px;--awb-border-radius-bottom-right:0px;--awb-border-radius-bottom-left:0px;--awb-padding-top:50px;--awb-padding-bottom:70px;--awb-flex-wrap:wrap;\" ><div class=\"fusion-builder-row fusion-row fusion-flex-align-items-flex-start fusion-flex-content-wrap\" style=\"max-width:calc( 1200px + 130px );margin-left: calc(-130px \/ 2 );margin-right: calc(-130px \/ 2 );\"><div class=\"fusion-layout-column fusion_builder_column fusion-builder-column-1 fusion_builder_column_1_2 1_2 fusion-flex-column fusion-flex-align-self-center\" style=\"--awb-padding-top-small:40px;--awb-bg-color:#ffffff;--awb-bg-color-hover:#ffffff;--awb-bg-size:cover;--awb-width-large:50%;--awb-margin-top-large:0px;--awb-spacing-right-large:65px;--awb-margin-bottom-large:20px;--awb-spacing-left-large:65px;--awb-width-medium:50%;--awb-order-medium:0;--awb-spacing-right-medium:65px;--awb-spacing-left-medium:65px;--awb-width-small:100%;--awb-order-small:2;--awb-spacing-right-small:65px;--awb-spacing-left-small:65px;\"><div class=\"fusion-column-wrapper fusion-column-has-shadow fusion-flex-justify-content-flex-start fusion-content-layout-column\"><div class=\"fusion-content-boxes content-boxes columns row fusion-columns-1 fusion-columns-total-4 fusion-content-boxes-1 content-boxes-icon-with-title content-left\" style=\"--awb-item-margin-top:0px;--awb-item-margin-bottom:0px;--awb-margin-top:0px;--awb-margin-bottom:0px;--awb-hover-accent-color:var(--awb-color4);--awb-circle-hover-accent-color:var(--awb-color4);--awb-item-margin-bottom:40px;\" data-animationOffset=\"top-into-view\"><div style=\"--awb-backgroundcolor:#ff0000;\" class=\"fusion-column content-box-column content-box-column content-box-column-1 col-lg-12 col-md-12 col-sm-12 fusion-content-box-hover content-box-column-last-in-row\"><div class=\"col content-box-wrapper content-wrapper-background link-area-link-icon content-icon-wrapper-yes icon-hover-animation-fade\" data-animationOffset=\"top-into-view\"><div class=\"heading heading-with-icon icon-left\"><div class=\"icon\"><span style=\"height:42px;width:42px;line-height:22px;border-color:rgba(255,255,255,0);border-width:1px;border-style:solid;background-color:var(--awb-color8);box-sizing:content-box;border-radius:50%;\"><i style=\"border-color:var(--awb-color8);border-width:1px;background-color:var(--awb-color7);box-sizing:content-box;height:40px;width:40px;line-height:40px;border-radius:50%;position:relative;top:auto;left:auto;margin:0;border-radius:50%;font-size:20px;\" aria-hidden=\"true\" class=\"fontawesome-icon fa-address-card fas circle-yes\"><\/i><\/span><\/div><h2 class=\"content-box-heading\" style=\"--h2_typography-font-size:24px;line-height:29px;\">PRAWO JAZDY KAT. C<\/h2><\/div><\/div><\/div><div style=\"--awb-backgroundcolor:#ff0000;\" class=\"fusion-column content-box-column content-box-column content-box-column-2 col-lg-12 col-md-12 col-sm-12 fusion-content-box-hover content-box-column-last-in-row\"><div class=\"col content-box-wrapper content-wrapper-background link-area-link-icon content-icon-wrapper-yes icon-hover-animation-fade\" data-animationOffset=\"top-into-view\"><div class=\"heading heading-with-icon icon-left\"><div class=\"icon\"><span style=\"height:42px;width:42px;line-height:22px;border-color:rgba(255,255,255,0);border-width:1px;border-style:solid;background-color:var(--awb-color8);box-sizing:content-box;border-radius:50%;\"><i style=\"border-color:var(--awb-color8);border-width:1px;background-color:var(--awb-color7);box-sizing:content-box;height:40px;width:40px;line-height:40px;border-radius:50%;position:relative;top:auto;left:auto;margin:0;border-radius:50%;font-size:20px;\" aria-hidden=\"true\" class=\"fontawesome-icon fa-atlas fas circle-yes\"><\/i><\/span><\/div><h2 class=\"content-box-heading\" style=\"--h2_typography-font-size:24px;line-height:29px;\">TEORIA: 20 Godzin<\/h2><\/div><\/div><\/div><div style=\"--awb-backgroundcolor:#ff0000;\" class=\"fusion-column content-box-column content-box-column content-box-column-3 col-lg-12 col-md-12 col-sm-12 fusion-content-box-hover content-box-column-last-in-row\"><div class=\"col content-box-wrapper content-wrapper-background link-area-link-icon content-icon-wrapper-yes icon-hover-animation-fade\" data-animationOffset=\"top-into-view\"><div class=\"heading heading-with-icon icon-left\"><div class=\"icon\"><span style=\"height:42px;width:42px;line-height:22px;border-color:rgba(255,255,255,0);border-width:1px;border-style:solid;background-color:var(--awb-color8);box-sizing:content-box;border-radius:50%;\"><i style=\"border-color:var(--awb-color8);border-width:1px;background-color:var(--awb-color7);box-sizing:content-box;height:40px;width:40px;line-height:40px;border-radius:50%;position:relative;top:auto;left:auto;margin:0;border-radius:50%;font-size:20px;\" aria-hidden=\"true\" class=\"fontawesome-icon fa-car fas circle-yes\"><\/i><\/span><\/div><h2 class=\"content-box-heading\" style=\"--h2_typography-font-size:24px;line-height:29px;\">PRAKTYKA: 30 Godzin<\/h2><\/div><\/div><\/div><div style=\"--awb-backgroundcolor:#ff0000;\" class=\"fusion-column content-box-column content-box-column content-box-column-4 col-lg-12 col-md-12 col-sm-12 fusion-content-box-hover content-box-column-last content-box-column-last-in-row\"><div class=\"col content-box-wrapper content-wrapper-background link-area-link-icon content-icon-wrapper-yes icon-hover-animation-fade\" data-animationOffset=\"top-into-view\"><div class=\"heading heading-with-icon icon-left\"><div class=\"icon\"><span style=\"height:42px;width:42px;line-height:22px;border-color:rgba(255,255,255,0);border-width:1px;border-style:solid;background-color:var(--awb-color8);box-sizing:content-box;border-radius:50%;\"><i style=\"border-color:var(--awb-color8);border-width:1px;background-color:var(--awb-color7);box-sizing:content-box;height:40px;width:40px;line-height:40px;border-radius:50%;position:relative;top:auto;left:auto;margin:0;border-radius:50%;font-size:20px;\" aria-hidden=\"true\" class=\"fontawesome-icon fa-arrows-alt-h fas circle-yes\"><\/i><\/span><\/div><h2 class=\"content-box-heading\" style=\"--h2_typography-font-size:24px;line-height:29px;\">EGZAMIN: Teoria i praktyka<\/h2><\/div><\/div><\/div><div class=\"fusion-clearfix\"><\/div><\/div><div class=\"fusion-title title fusion-title-1 fusion-sep-none fusion-title-text fusion-title-size-three\" style=\"--awb-margin-bottom:32px;--awb-margin-bottom-small:32px;\"><h3 class=\"fusion-title-heading title-heading-left\" style=\"margin:0;text-transform:none;\">Zdob\u0105d\u017a swoje uprawnienia<\/h3><\/div><div class=\"fusion-text fusion-text-1\"><p><strong>Warunki przyst\u0105pienia do kursu:<\/strong><\/p>\n<ul>\n<li>Wiek 21 lat lub 18 lat i uko\u0144czony kurs kwalifikacji wst\u0119pnej (kurs mo\u017cna rozpocz\u0105\u0107 3 m-ce<br \/>wcze\u015bniej od wymaganego wieku),<\/li>\n<li>Posiadanie prawa jazdy kat. B,<\/li>\n<li>Uzyskanie orzeczenia lekarskiego o braku przeciwwskaza\u0144 do kierowania pojazdem<\/li>\n<li>Uzyskanie orzeczenia psychologicznego o braku przeciwwskaza\u0144 do kierowania pojazdem<\/li>\n<li>Uzyskanie PKK \u2013 profilu kandydata na kierowc\u0119:<\/li>\n<\/ul>\n<p><strong>&nbsp;Szczeg\u00f3\u0142y i zakres oferty:<\/strong><\/p>\n<ul>\n<li>Szkolenie teoretyczne obejmuje 20 godzin wyk\u0142ad\u00f3w w<\/li>\n<li>Szkolenie praktyczne to 30 godzin jazdy samochodem ci\u0119\u017carowym MAN TGL, dok\u0142adnie tym<br \/>samym zdaje si\u0119 egzamin w WORD w Kro\u015bnie.<\/li>\n<\/ul>\n<\/div><div class=\"fusion-text fusion-text-2 fusion-text-no-margin\" style=\"--awb-margin-bottom:56px;\"><p style=\"color: rgb(0, 0, 0);\">Mo\u017cliwo\u015b\u0107 skorzystania z bada\u0144 psychotechnicznych dla kandydat\u00f3w na kierowc\u00f3w oraz kierowc\u00f3w zawodowych w siedzibie O\u015brodka po wcze\u015bniejszej rejestracji pod nr tel. 601 945 021<\/p>\n<\/div><div class=\"fusion-text fusion-text-3\"><\/div><\/div><\/div><div class=\"fusion-layout-column fusion_builder_column fusion-builder-column-2 fusion_builder_column_1_2 1_2 fusion-flex-column fusion-flex-align-self-flex-start\" style=\"--awb-bg-size:cover;--awb-width-large:50%;--awb-margin-top-large:0px;--awb-spacing-right-large:65px;--awb-margin-bottom-large:20px;--awb-spacing-left-large:65px;--awb-width-medium:50%;--awb-order-medium:0;--awb-spacing-right-medium:65px;--awb-spacing-left-medium:65px;--awb-width-small:100%;--awb-order-small:1;--awb-spacing-right-small:65px;--awb-spacing-left-small:65px;\"><div class=\"fusion-column-wrapper fusion-column-has-shadow fusion-flex-justify-content-flex-start fusion-content-layout-column\"><div class=\"fusion-image-element \" style=\"text-align:center;--awb-aspect-ratio: 100 \/ 130;--awb-object-position:45% 48%;--awb-max-width:490px;--awb-caption-title-font-family:var(--h2_typography-font-family);--awb-caption-title-font-weight:var(--h2_typography-font-weight);--awb-caption-title-font-style:var(--h2_typography-font-style);--awb-caption-title-size:var(--h2_typography-font-size);--awb-caption-title-transform:var(--h2_typography-text-transform);--awb-caption-title-line-height:var(--h2_typography-line-height);--awb-caption-title-letter-spacing:var(--h2_typography-letter-spacing);\"><div style=\"display:inline-block;width:490px;\"><span class=\" fusion-imageframe imageframe-none imageframe-1 hover-type-none has-aspect-ratio\"><a href=\"https:\/\/szkolenialesko.pl\/wp-content\/uploads\/2025\/04\/WhatsApp-Image-2025-04-07-at-12.52.42_4f4daa1e.jpg\" class=\"fusion-lightbox\" data-rel=\"iLightbox[eaa76a5f10a22dfee84]\" data-title=\"WhatsApp Image 2025-04-07 at 12.52.42_4f4daa1e\" title=\"WhatsApp Image 2025-04-07 at 12.52.42_4f4daa1e\"><img decoding=\"async\" width=\"1200\" height=\"1600\" src=\"https:\/\/szkolenialesko.pl\/wp-content\/uploads\/2025\/04\/WhatsApp-Image-2025-04-07-at-12.52.42_4f4daa1e.jpg\" class=\"img-responsive wp-image-2997 img-with-aspect-ratio\" alt srcset=\"https:\/\/szkolenialesko.pl\/wp-content\/uploads\/2025\/04\/WhatsApp-Image-2025-04-07-at-12.52.42_4f4daa1e-200x267.jpg 200w, https:\/\/szkolenialesko.pl\/wp-content\/uploads\/2025\/04\/WhatsApp-Image-2025-04-07-at-12.52.42_4f4daa1e-400x533.jpg 400w, https:\/\/szkolenialesko.pl\/wp-content\/uploads\/2025\/04\/WhatsApp-Image-2025-04-07-at-12.52.42_4f4daa1e-600x800.jpg 600w, https:\/\/szkolenialesko.pl\/wp-content\/uploads\/2025\/04\/WhatsApp-Image-2025-04-07-at-12.52.42_4f4daa1e-800x1067.jpg 800w, https:\/\/szkolenialesko.pl\/wp-content\/uploads\/2025\/04\/WhatsApp-Image-2025-04-07-at-12.52.42_4f4daa1e.jpg 1200w\" sizes=\"(max-width: 640px) 100vw, 600px\" \/><\/a><\/span><\/div><\/div><\/div><\/div><\/div><\/div><\/p>\n","protected":false},"excerpt":{"rendered":"","protected":false},"author":1,"featured_media":0,"parent":0,"menu_order":0,"comment_status":"closed","ping_status":"closed","template":"100-width.php","meta":{"footnotes":""},"class_list":["post-2750","page","type-page","status-publish","hentry"],"_links":{"self":[{"href":"https:\/\/szkolenialesko.pl\/index.php\/wp-json\/wp\/v2\/pages\/2750","targetHints":{"allow":["GET"]}}],"collection":[{"href":"https:\/\/szkolenialesko.pl\/index.php\/wp-json\/wp\/v2\/pages"}],"about":[{"href":"https:\/\/szkolenialesko.pl\/index.php\/wp-json\/wp\/v2\/types\/page"}],"author":[{"embeddable":true,"href":"https:\/\/szkolenialesko.pl\/index.php\/wp-json\/wp\/v2\/users\/1"}],"replies":[{"embeddable":true,"href":"https:\/\/szkolenialesko.pl\/index.php\/wp-json\/wp\/v2\/comments?post=2750"}],"version-history":[{"count":17,"href":"https:\/\/szkolenialesko.pl\/index.php\/wp-json\/wp\/v2\/pages\/2750\/revisions"}],"predecessor-version":[{"id":3034,"href":"https:\/\/szkolenialesko.pl\/index.php\/wp-json\/wp\/v2\/pages\/2750\/revisions\/3034"}],"wp:attachment":[{"href":"https:\/\/szkolenialesko.pl\/index.php\/wp-json\/wp\/v2\/media?parent=2750"}],"curies":[{"name":"wp","href":"https:\/\/api.w.org\/{rel}","templated":true}]}}