{"id":1960,"date":"2023-10-12T14:59:08","date_gmt":"2023-10-12T14:59:08","guid":{"rendered":"http:\/\/serwer252449.lh.pl\/autoinstalator\/serwer252449.lh.pl\/wordpress95212\/?page_id=1960"},"modified":"2024-11-30T04:03:39","modified_gmt":"2024-11-30T03:03:39","slug":"blog","status":"publish","type":"page","link":"https:\/\/szkolenialesko.pl\/index.php\/blog\/","title":{"rendered":"Blog"},"content":{"rendered":"<div class=\"fusion-fullwidth fullwidth-box fusion-builder-row-1 fusion-flex-container has-pattern-background has-mask-background nonhundred-percent-fullwidth non-hundred-percent-height-scrolling\" style=\"--awb-border-radius-top-left:0px;--awb-border-radius-top-right:0px;--awb-border-radius-bottom-right:0px;--awb-border-radius-bottom-left:0px;--awb-padding-top:50px;--awb-padding-bottom:56px;--awb-padding-right-medium:30px;--awb-padding-left-medium:30px;--awb-flex-wrap:wrap;\" ><div class=\"fusion-builder-row fusion-row fusion-flex-align-items-flex-start fusion-flex-content-wrap\" style=\"max-width:1248px;margin-left: calc(-4% \/ 2 );margin-right: calc(-4% \/ 2 );\"><div class=\"fusion-layout-column fusion_builder_column fusion-builder-column-0 fusion_builder_column_1_1 1_1 fusion-flex-column\" style=\"--awb-bg-size:cover;--awb-border-color:hsla(var(--awb-color4-h),var(--awb-color4-s),var(--awb-color4-l),calc(var(--awb-color4-a) - 75%));--awb-border-color-hover:var(--awb-color5);--awb-border-style:solid;--awb-width-large:100%;--awb-margin-top-large:0px;--awb-spacing-right-large:1.92%;--awb-margin-bottom-large:20px;--awb-spacing-left-large:1.92%;--awb-width-medium:100%;--awb-order-medium:0;--awb-spacing-right-medium:1.92%;--awb-spacing-left-medium:1.92%;--awb-width-small:100%;--awb-order-small:0;--awb-spacing-right-small:1.92%;--awb-spacing-left-small:1.92%;\"><div class=\"fusion-column-wrapper fusion-column-has-shadow fusion-flex-justify-content-flex-start fusion-content-layout-column\"><div class=\"fusion-blog-shortcode fusion-blog-shortcode-1 fusion-blog-archive fusion-blog-layout-timeline-wrapper fusion-blog-pagination\"><div class=\"fusion-posts-container fusion-posts-container-pagination fusion-no-meta-info fusion-blog-rollover\" data-pages=\"1\"><div class=\"fusion-timeline-icon\"><i class=\"awb-icon-bubbles\" style=\"color:var(--awb-color2);\" aria-hidden=\"true\"><\/i><\/div><div class=\"fusion-blog-layout-timeline fusion-clearfix\"><div class=\"fusion-timeline-line\" style=\"border-left:1px solid var(--awb-color2);border-right:1px solid var(--awb-color2);\"><\/div><h3 class=\"fusion-timeline-date\" style=\"background-color:var(--awb-color2);\">listopad 2024<\/h3><div class=\"fusion-collapse-month\"><article id=\"blog-1-post-2720\" style=\"border-color:var(--awb-color2);\" class=\"fusion-post-timeline fusion-clearfix fusion-left-column post-2720 post type-post status-publish format-standard has-post-thumbnail hentry category-porady tag-analysis tag-risk-market\">\n<div class=\"fusion-post-wrapper\" style=\"background-color:rgba(255,255,255,0);\">\n\n\t\t\t<div class=\"fusion-flexslider flexslider fusion-flexslider-loading fusion-post-slideshow\" style=\"border-color:var(--awb-color2);\">\n\t\t<ul class=\"slides\">\n\t\t\t\n\t\t\t\t\t\t\t\t\t\t\t\t\t\t<li><div  class=\"fusion-image-wrapper\" aria-haspopup=\"true\">\n\t\t\t\t<img decoding=\"async\" width=\"2560\" height=\"1707\" src=\"https:\/\/szkolenialesko.pl\/wp-content\/uploads\/2024\/11\/solomen-9zlj0JnBxHw-unsplash-scaled.jpg\" class=\"attachment-full size-full wp-post-image\" alt=\"\" srcset=\"https:\/\/szkolenialesko.pl\/wp-content\/uploads\/2024\/11\/solomen-9zlj0JnBxHw-unsplash-200x133.jpg 200w, https:\/\/szkolenialesko.pl\/wp-content\/uploads\/2024\/11\/solomen-9zlj0JnBxHw-unsplash-400x267.jpg 400w, https:\/\/szkolenialesko.pl\/wp-content\/uploads\/2024\/11\/solomen-9zlj0JnBxHw-unsplash-600x400.jpg 600w, https:\/\/szkolenialesko.pl\/wp-content\/uploads\/2024\/11\/solomen-9zlj0JnBxHw-unsplash-800x533.jpg 800w, https:\/\/szkolenialesko.pl\/wp-content\/uploads\/2024\/11\/solomen-9zlj0JnBxHw-unsplash-1200x800.jpg 1200w, https:\/\/szkolenialesko.pl\/wp-content\/uploads\/2024\/11\/solomen-9zlj0JnBxHw-unsplash-scaled.jpg 2560w\" sizes=\"(max-width: 640px) 100vw, 40vw\" \/><div class=\"fusion-rollover\">\n\t<div class=\"fusion-rollover-content\">\n\n\t\t\t\t\t\t\t\t\t\t\t\t\t\t<a class=\"fusion-rollover-link\" href=\"https:\/\/szkolenialesko.pl\/index.php\/2024\/11\/30\/do-czego-przydaja-sie-wozki-widlowe\/\">Do czego przydaj\u0105 si\u0119 w\u00f3zki wid\u0142owe?<\/a>\n\t\t\t\n\t\t\t\t\t\t\t\t\t\t\t\t\t\t\n\t\t\t\t\t\t\t\t\n\t\t\t\t\t\t\t\t\t\t\t\t\t<div class=\"fusion-rollover-sep\"><\/div>\n\t\t\t\t\n\t\t\t\t\t\t\t\t\t\t\t\t\t\t\t\t\t\t<a class=\"fusion-rollover-gallery\" href=\"https:\/\/szkolenialesko.pl\/wp-content\/uploads\/2024\/11\/solomen-9zlj0JnBxHw-unsplash-scaled.jpg\" data-id=\"2720\" data-rel=\"iLightbox[gallery]\" data-title=\"solomen-9zlj0JnBxHw-unsplash\" data-caption=\"\">\n\t\t\t\t\t\tGallery\t\t\t\t\t<\/a>\n\t\t\t\t\t\t\t\t\t\t\t\t\t\t\n\t\t\n\t\t\t\t\t\t\t\t\t\t\t\t<h4 class=\"fusion-rollover-title\">\n\t\t\t\t\t<a class=\"fusion-rollover-title-link\" href=\"https:\/\/szkolenialesko.pl\/index.php\/2024\/11\/30\/do-czego-przydaja-sie-wozki-widlowe\/\">\n\t\t\t\t\t\tDo czego przydaj\u0105 si\u0119 w\u00f3zki wid\u0142owe?\t\t\t\t\t<\/a>\n\t\t\t\t<\/h4>\n\t\t\t\n\t\t\t\t\t\t\t\t\t\t<div class=\"fusion-rollover-categories\"><a href=\"https:\/\/szkolenialesko.pl\/index.php\/category\/porady\/\" rel=\"tag\">Porady<\/a><\/div>\t\t\t\t\t\n\t\t\n\t\t\t\t\t\t<a class=\"fusion-link-wrapper\" href=\"https:\/\/szkolenialesko.pl\/index.php\/2024\/11\/30\/do-czego-przydaja-sie-wozki-widlowe\/\" aria-label=\"Do czego przydaj\u0105 si\u0119 w\u00f3zki wid\u0142owe?\"><\/a>\n\t<\/div>\n<\/div>\n<\/div>\n<\/li>\n\t\t\t\n\t\t\t\n\t\t\t\t\t\t\t\t\t\t\t\t\t\t\t\t\t\t\t\t\t\t\t\t\t\t\t\t\t\t\t\t\t\t\t\t\t\t\t\t\t\t\t\t\t\t\t\t\t\t\t\t\t\t\t\t\t\t\t\t\t\t\t\t\t\t\t\t<\/ul>\n\t<\/div>\n\t<div class=\"fusion-post-content-wrapper\" style=\"padding:30px 25px 25px 25px;\"><div class=\"fusion-post-content post-content\"><div class=\"fusion-timeline-circle\" style=\"background-color:var(--awb-color2);\"><\/div><div class=\"fusion-timeline-arrow\" style=\"color:var(--awb-color2);\"><\/div><h2 class=\"blog-shortcode-post-title entry-title\"><a href=\"https:\/\/szkolenialesko.pl\/index.php\/2024\/11\/30\/do-czego-przydaja-sie-wozki-widlowe\/\">Do czego przydaj\u0105 si\u0119 w\u00f3zki wid\u0142owe?<\/a><\/h2><\/div><\/div><div class=\"fusion-clearfix\"><\/div><\/div>\n<\/article>\n<\/div><h3 class=\"fusion-timeline-date\" style=\"background-color:var(--awb-color2);\">wrzesie\u0144 2023<\/h3><div class=\"fusion-collapse-month\"><article id=\"blog-1-post-509\" style=\"border-color:var(--awb-color2);\" class=\"fusion-post-timeline fusion-clearfix fusion-right-column post-509 post type-post status-publish format-standard has-post-thumbnail hentry category-porady tag-analysis tag-risk-market\">\n<div class=\"fusion-post-wrapper\" style=\"background-color:rgba(255,255,255,0);\">\n\n\t\t\t<div class=\"fusion-flexslider flexslider fusion-flexslider-loading fusion-post-slideshow\" style=\"border-color:var(--awb-color2);\">\n\t\t<ul class=\"slides\">\n\t\t\t\n\t\t\t\t\t\t\t\t\t\t\t\t\t\t<li><div  class=\"fusion-image-wrapper\" aria-haspopup=\"true\">\n\t\t\t\t<img decoding=\"async\" width=\"2560\" height=\"1707\" src=\"https:\/\/szkolenialesko.pl\/wp-content\/uploads\/2023\/09\/sara-kurfess-bHNip8GaOso-unsplash-scaled.jpg\" class=\"attachment-full size-full wp-post-image\" alt=\"\" srcset=\"https:\/\/szkolenialesko.pl\/wp-content\/uploads\/2023\/09\/sara-kurfess-bHNip8GaOso-unsplash-200x133.jpg 200w, https:\/\/szkolenialesko.pl\/wp-content\/uploads\/2023\/09\/sara-kurfess-bHNip8GaOso-unsplash-400x267.jpg 400w, https:\/\/szkolenialesko.pl\/wp-content\/uploads\/2023\/09\/sara-kurfess-bHNip8GaOso-unsplash-600x400.jpg 600w, https:\/\/szkolenialesko.pl\/wp-content\/uploads\/2023\/09\/sara-kurfess-bHNip8GaOso-unsplash-800x533.jpg 800w, https:\/\/szkolenialesko.pl\/wp-content\/uploads\/2023\/09\/sara-kurfess-bHNip8GaOso-unsplash-1200x800.jpg 1200w, https:\/\/szkolenialesko.pl\/wp-content\/uploads\/2023\/09\/sara-kurfess-bHNip8GaOso-unsplash-scaled.jpg 2560w\" sizes=\"(max-width: 640px) 100vw, 40vw\" \/><div class=\"fusion-rollover\">\n\t<div class=\"fusion-rollover-content\">\n\n\t\t\t\t\t\t\t\t\t\t\t\t\t\t<a class=\"fusion-rollover-link\" href=\"https:\/\/szkolenialesko.pl\/index.php\/2023\/09\/13\/dlaczego-warto-miec-prawo-jazdy\/\">Dlaczego warto mie\u0107 prawo jazdy?<\/a>\n\t\t\t\n\t\t\t\t\t\t\t\t\t\t\t\t\t\t\n\t\t\t\t\t\t\t\t\n\t\t\t\t\t\t\t\t\t\t\t\t\t<div class=\"fusion-rollover-sep\"><\/div>\n\t\t\t\t\n\t\t\t\t\t\t\t\t\t\t\t\t\t\t\t\t\t\t<a class=\"fusion-rollover-gallery\" href=\"https:\/\/szkolenialesko.pl\/wp-content\/uploads\/2023\/09\/sara-kurfess-bHNip8GaOso-unsplash-scaled.jpg\" data-id=\"509\" data-rel=\"iLightbox[gallery]\" data-title=\"sara-kurfess-bHNip8GaOso-unsplash\" data-caption=\"\">\n\t\t\t\t\t\tGallery\t\t\t\t\t<\/a>\n\t\t\t\t\t\t\t\t\t\t\t\t\t\t\n\t\t\n\t\t\t\t\t\t\t\t\t\t\t\t<h4 class=\"fusion-rollover-title\">\n\t\t\t\t\t<a class=\"fusion-rollover-title-link\" href=\"https:\/\/szkolenialesko.pl\/index.php\/2023\/09\/13\/dlaczego-warto-miec-prawo-jazdy\/\">\n\t\t\t\t\t\tDlaczego warto mie\u0107 prawo jazdy?\t\t\t\t\t<\/a>\n\t\t\t\t<\/h4>\n\t\t\t\n\t\t\t\t\t\t\t\t\t\t<div class=\"fusion-rollover-categories\"><a href=\"https:\/\/szkolenialesko.pl\/index.php\/category\/porady\/\" rel=\"tag\">Porady<\/a><\/div>\t\t\t\t\t\n\t\t\n\t\t\t\t\t\t<a class=\"fusion-link-wrapper\" href=\"https:\/\/szkolenialesko.pl\/index.php\/2023\/09\/13\/dlaczego-warto-miec-prawo-jazdy\/\" aria-label=\"Dlaczego warto mie\u0107 prawo jazdy?\"><\/a>\n\t<\/div>\n<\/div>\n<\/div>\n<\/li>\n\t\t\t\n\t\t\t\n\t\t\t\t\t\t\t\t\t\t\t\t\t\t\t\t\t\t\t\t\t\t\t\t\t\t\t\t\t\t\t\t\t\t\t\t\t\t\t\t\t\t\t\t\t\t\t\t\t\t\t\t\t\t\t\t\t\t\t\t\t\t\t\t\t\t\t\t<\/ul>\n\t<\/div>\n\t<div class=\"fusion-post-content-wrapper\" style=\"padding:30px 25px 25px 25px;\"><div class=\"fusion-post-content post-content\"><div class=\"fusion-timeline-circle\" style=\"background-color:var(--awb-color2);\"><\/div><div class=\"fusion-timeline-arrow\" style=\"color:var(--awb-color2);\"><\/div><h2 class=\"blog-shortcode-post-title entry-title\"><a href=\"https:\/\/szkolenialesko.pl\/index.php\/2023\/09\/13\/dlaczego-warto-miec-prawo-jazdy\/\">Dlaczego warto mie\u0107 prawo jazdy?<\/a><\/h2><\/div><\/div><div class=\"fusion-clearfix\"><\/div><\/div>\n<\/article>\n<\/div><\/div><\/div><\/div><\/div><\/div><\/div><\/div>\n","protected":false},"excerpt":{"rendered":"","protected":false},"author":1,"featured_media":0,"parent":0,"menu_order":0,"comment_status":"closed","ping_status":"closed","template":"100-width.php","meta":{"footnotes":""},"class_list":["post-1960","page","type-page","status-publish","hentry"],"_links":{"self":[{"href":"https:\/\/szkolenialesko.pl\/index.php\/wp-json\/wp\/v2\/pages\/1960","targetHints":{"allow":["GET"]}}],"collection":[{"href":"https:\/\/szkolenialesko.pl\/index.php\/wp-json\/wp\/v2\/pages"}],"about":[{"href":"https:\/\/szkolenialesko.pl\/index.php\/wp-json\/wp\/v2\/types\/page"}],"author":[{"embeddable":true,"href":"https:\/\/szkolenialesko.pl\/index.php\/wp-json\/wp\/v2\/users\/1"}],"replies":[{"embeddable":true,"href":"https:\/\/szkolenialesko.pl\/index.php\/wp-json\/wp\/v2\/comments?post=1960"}],"version-history":[{"count":1,"href":"https:\/\/szkolenialesko.pl\/index.php\/wp-json\/wp\/v2\/pages\/1960\/revisions"}],"predecessor-version":[{"id":2740,"href":"https:\/\/szkolenialesko.pl\/index.php\/wp-json\/wp\/v2\/pages\/1960\/revisions\/2740"}],"wp:attachment":[{"href":"https:\/\/szkolenialesko.pl\/index.php\/wp-json\/wp\/v2\/media?parent=1960"}],"curies":[{"name":"wp","href":"https:\/\/api.w.org\/{rel}","templated":true}]}}